{"id":3904,"date":"2014-05-21T10:56:33","date_gmt":"2014-05-21T08:56:33","guid":{"rendered":"https:\/\/neu.taxerhof.at.server887-han.server-routing.com\/impressum-2\/"},"modified":"2021-08-05T14:56:45","modified_gmt":"2021-08-05T12:56:45","slug":"impressum","status":"publish","type":"page","link":"https:\/\/www.taxerhof.at\/en\/impressum\/","title":{"rendered":"Terms"},"content":{"rendered":"<div class=\"wpb-content-wrapper\"><p>[vc_row][vc_column][vc_column_text]<\/p>\n<h1>Terms of use<\/h1>\n<p>[\/vc_column_text][\/vc_column][\/vc_row][vc_row][vc_column width=&#34;1\/3&#8243;][vc_column_text css=&#34;.vc_custom_1628168152917{margin-bottom: 20px !important;}&#34;]<strong>Website owner<\/strong><\/p>\n<p>4 star Hotel Taxerhof<br \/>\nFamily Mayrhofer<br \/>\nTaxerweg 5<\/p>\n<p>A-5550 Radstadt<br \/>\nSalzburger Land &#8211; \u00d6sterreich<\/p>\n<p>Tel. +43 6452 7542<br \/>\n<a href=\"mailto:info@taxerhof.at\">send email<\/a>[\/vc_column_text][vc_column_text]<a href=\"http:\/\/firmen.wko.at\/Web\/DetailsInfos.aspx?FirmaID=099d8a5c-3c81-4335-8c04-5c9d1aa84759&amp;StandortID=1341&amp;StandortName=Radstadt+(Gemeinde)&amp;Firma=Mayrhofer&amp;CategoryID=0&amp;Page=1\" class=\"image-link\" target=\"_blank\" rel=\"noopener\"><img decoding=\"async\" class=\"alignnone size-full wp-image-150\" src=\"https:\/\/www.taxerhof.at\/wp-content\/uploads\/informationspflicht_logo_wko.gif\" alt=\"informationspflicht_logo_wko\" width=\"169\" height=\"23\" \/><\/a>[\/vc_column_text][\/vc_column][vc_column width=&#34;1\/3&#8243;][vc_column_text]<strong>Bank details<\/strong><\/p>\n<p>Bank: RAIKA Radstadt<br \/>\nIBAN: AT88 35049 000000 18077<br \/>\nBIC: RVS AAT 2S049<br \/>\nAcc. No.: 18077<br \/>\nBLZ: 35049[\/vc_column_text][\/vc_column][vc_column width=&#34;1\/3&#8243;][vc_column_text]<strong>Concept, web design &amp; technical implementation<\/strong><\/p>\n<p>IMPULS Werbeagentur OG<br \/>\nStadtplatz 11<br \/>\nA-5550 Radstadt<br \/>\n<a href=\"http:\/\/www.impuls-werbeagentur.at\" target=\"_blank\" rel=\"noopener noreferrer\">www.impuls-werbeagentur.at<\/a>[\/vc_column_text][\/vc_column][\/vc_row][vc_row][vc_column]<div class=\"templatera_shortcode\"><div class=\"vc_row wpb_row vc_row-fluid\"><div class=\"wpb_column vc_column_container vc_col-sm-12\"><div class=\"vc_column-inner\"><div class=\"wpb_wrapper\">\n\t<div class=\"wpb_text_column wpb_content_element\" >\n\t\t<div class=\"wpb_wrapper\">\n\t\t\t<p>Diese Webseite wurde von der <a href=\"http:\/\/www.impuls-werbeagentur.at\/\" target=\"_blank\" rel=\"noopener\">Full-Service Werbeagentur IMPULS<\/a> aus Radstadt im Pongau gestaltet. Unsere Leidenschaft ist die Kreation und Umsetzung erfolgreicher <a href=\"http:\/\/www.impuls-werbeagentur.at\/#leistungen\" target=\"_blank\" rel=\"noopener\">Webauftritte<\/a> f\u00fcr Unternehmen in <a href=\"http:\/\/www.impuls-werbeagentur.at\/#agentur\" target=\"_blank\" rel=\"noopener\">Tourismus<\/a>, <a href=\"http:\/\/www.impuls-werbeagentur.at\/#agentur\" target=\"_blank\" rel=\"noopener\">Gastronomie<\/a>, <a href=\"http:\/\/www.impuls-werbeagentur.at\/#agentur\" target=\"_blank\" rel=\"noopener\">Handel &amp; Handwerk<\/a>. Weiters bieten wir unseren Kunden <a href=\"http:\/\/www.impuls-werbeagentur.at\/#leistungen\" target=\"_blank\" rel=\"noopener\">Printl\u00f6sungen<\/a> wie Gesch\u00e4ftsaustattungen, Inserate, Kataloge, Brosch\u00fcren und Flugbl\u00e4tter an. <a href=\"http:\/\/www.impuls-werbeagentur.at\/#leistungen\" target=\"_blank\" rel=\"noopener\">Suchmaschinenoptimierung<\/a>, <a href=\"http:\/\/www.impuls-werbeagentur.at\/#leistungen\" target=\"_blank\" rel=\"noopener\">Webshops<\/a>, <a href=\"http:\/\/www.impuls-werbeagentur.at\/#leistungen\" target=\"_blank\" rel=\"noopener\">Social Marketing<\/a>, <a href=\"http:\/\/www.impuls-werbeagentur.at\/#leistungen\" target=\"_blank\" rel=\"noopener\">Corporate Design<\/a> und <a href=\"http:\/\/www.impuls-werbeagentur.at\/#leistungen\" target=\"_blank\" rel=\"noopener\">Outdoor Media<\/a> z\u00e4hlen ebenfalls zu den Kompetenzen unserer Werbeagentur im Pongau. Werfen Sie einen Blick in unsere <a href=\"http:\/\/www.impuls-werbeagentur.at\/websites\/\" target=\"_blank\" rel=\"noopener\">Web-Referenzen<\/a>, <a href=\"http:\/\/www.impuls-werbeagentur.at\/drucksorten\/\" target=\"_blank\" rel=\"noopener\">Druck-<\/a> und <a href=\"http:\/\/www.impuls-werbeagentur.at\/logos\/\" target=\"_blank\" rel=\"noopener\">Logo-Referenzen<\/a> und \u00fcberzeugen Sie sich von unseren Qualit\u00e4ten.<\/p>\n\n\t\t<\/div>\n\t<\/div>\n<\/div><\/div><\/div><\/div><\/div>[\/vc_column][\/vc_row][vc_row][vc_column][vc_column_text]<strong>Photo credits<\/strong><\/p>\n<p>Die Fotomacher &#8211; Thomas Stiegler, Nadia Jabli Photography, Lorenz Masser Fotografie, Karl Strauch<\/p>\n<p>TVB Radstadt, TVB Radstadt\/Lorenz Masser, Markus Rohrbacher, TVB Obertauern, TVB Altenmarkt-Zauchensee, Snow Space Salzburg\/Christian Schartner, Tourismusverband St. Johann in Salzburg, Flachau Tourismus, TVB Eben\/Sobietzki<\/p>\n<p>Golfclub Radstadt, Golfclub Radstadt\/Armin Walcher, Skiverbund Ski Amad\u00e9, SalzburgerLand Tourismus, Therme Amad\u00e9, Family Austria, \u00d6sterreich Werbung, Eisriesenwelt GmbH, Salzwelten Hallein, Haus der Natur\/Simmerstatter, Erlebnis-Therme Amad\u00e9<\/p>\n<p>Shutterstock, iStock<\/p>\n<p>Privat<\/p>\n<p>Grundrisse und Visualisierungen: Ing. Walter Bliem Planungsb\u00fcro und Holzbau<\/p>\n<p>Nadia Jabli Photography[\/vc_column_text][\/vc_column][\/vc_row][vc_row][vc_column][vc_column_text]<\/p>\n<h4>Haftungsausschluss<\/h4>\n<p>[\/vc_column_text][vc_column_text]<strong>Inhalt des Onlineangebotes<\/strong><\/p>\n<p>Der Autor \u00fcbernimmt keinerlei Gew\u00e4hr f\u00fcr die Aktualit\u00e4t, Korrektheit, Vollst\u00e4ndigkeit oder Qualit\u00e4t der bereitgestellten Informationen. Haftungsanspr\u00fcche gegen den Autor, welche sich auf Sch\u00e4den materieller oder ideeller Art beziehen, die durch die Nutzung oder Nichtnutzung der dargebotenen Informationen bzw. durch die Nutzung fehlerhafter und unvollst\u00e4ndiger Informationen verursacht wurden, sind grunds\u00e4tzlich ausgeschlossen, sofern seitens des Autors kein nachweislich vors\u00e4tzliches oder grob fahrl\u00e4ssiges Verschulden vorliegt. Alle Angebote sind freibleibend und unverbindlich. Der Autor beh\u00e4lt es sich ausdr\u00fccklich vor, Teile der Seiten oder das gesamte Angebot ohne gesonderte Ank\u00fcndigung zu ver\u00e4ndern, zu erg\u00e4nzen, zu l\u00f6schen oder die Ver\u00f6ffentlichung zeitweise oder endg\u00fcltig einzustellen.<\/p>\n<p>&nbsp;<\/p>\n<p><strong>Verweise und Links<\/strong><\/p>\n<p>Bei direkten oder indirekten Verweisen auf fremde Internetseiten (\u201cLinks\u201d), die au\u00dferhalb des Verantwortungsbereiches des Autors liegen, w\u00fcrde eine Haftungsverpflichtung ausschlie\u00dflich in dem Fall in Kraft treten, in dem der Autor von den Inhalten Kenntnis hat und es ihm technisch m\u00f6glich und zumutbar w\u00e4re, die Nutzung im Falle rechtswidriger Inhalte zu verhindern.Der Autor erkl\u00e4rt hiermit ausdr\u00fccklich, dass zum Zeitpunkt der Linksetzung keine illegalen Inhalte auf den zu verlinkenden Seiten erkennbar waren. Auf die aktuelle und zuk\u00fcnftige Gestaltung, die Inhalte oder die Urheberschaft der gelinkten\/verkn\u00fcpften Seiten hat der Autor keinerlei Einfluss. Deshalb distanziert er sich hiermit ausdr\u00fccklich von allen Inhalten aller gelinkten \/verkn\u00fcpften Seiten, die nach der Linksetzung ver\u00e4ndert wurden. Diese Feststellung gilt f\u00fcr alle innerhalb des eigenen Internetangebotes gesetzten Links und Verweise sowie f\u00fcr Fremdeintr\u00e4ge in vom Autor eingerichteten G\u00e4steb\u00fcchern, Diskussionsforen und Mailinglisten. F\u00fcr illegale, fehlerhafte oder unvollst\u00e4ndige Inhalte und insbesondere f\u00fcr Sch\u00e4den, die aus der Nutzung oder Nichtnutzung solcherart dargebotener Informationen entstehen, haftet allein der Anbieter der Seite, auf welche verwiesen wurde, nicht derjenige, der \u00fcber Links auf die jeweilige Ver\u00f6ffentlichung lediglich verweist.<\/p>\n<p>&nbsp;<\/p>\n<p><strong>Urheber- und Kennzeichenrecht<\/strong><\/p>\n<p>Der Autor ist bestrebt, in allen Publikationen die Urheberrechte der verwendeten Grafiken, Tondokumente, Videosequenzen und Texte zu beachten, von ihm selbst erstellte Grafiken, Tondokumente, Videosequenzen und Texte zu nutzen oder auf lizenzfreie Grafiken, Tondokumente, Videosequenzen und Texte zur\u00fcckzugreifen. Alle innerhalb des Internetangebotes genannten und ggf. durch Dritte gesch\u00fctzten Marken- und Warenzeichen unterliegen uneingeschr\u00e4nkt den Bestimmungen des jeweils g\u00fcltigen Kennzeichenrechts und den Besitzrechten der jeweiligen eingetragenen Eigent\u00fcmer. Allein aufgrund der blo\u00dfen Nennung ist nicht der Schlu\u00df zu ziehen, dass Markenzeichen nicht durch Rechte Dritter gesch\u00fctzt sind! Das Copyright f\u00fcr ver\u00f6ffentlichte, vom Autor selbst erstellte Objekte bleibt allein beim Autor der Seiten. Eine Vervielf\u00e4ltigung oder Verwendung solcher Grafiken, Tondokumente, Videosequenzen und Texte in anderen elektronischen oder gedruckten Publikationen ist ohne ausdr\u00fcckliche Zustimmung des Autors nicht gestattet.<\/p>\n<p>&nbsp;<\/p>\n<p><strong>Rechtswirksamkeit dieses Haftungsausschlusses<\/strong><\/p>\n<p>Dieser Haftungsausschluss ist als Teil des Internetangebotes zu betrachten, von dem aus auf diese Seite verwiesen wurde. Sofern Teile oder einzelne Formulierungen dieses Textes der geltenden Rechtslage nicht, nicht mehr oder nicht vollst\u00e4ndig entsprechen sollten, bleiben die \u00fcbrigen Teile des Dokumentes in ihrem Inhalt und ihrer G\u00fcltigkeit davon unber\u00fchrt.<\/p>\n<p>&nbsp;<\/p>\n<p><strong>W3C<\/strong><\/p>\n<p>Diese Homepage entspricht den Richtlinien der W3C.[\/vc_column_text][\/vc_column][\/vc_row]<\/p>\n<\/div>","protected":false},"excerpt":{"rendered":"Terms of use Website owner 4 star Hotel Taxerhof Family Mayrhofer Taxerweg 5 A-5550 Radstadt Salzburger Land - \u00d6sterreich Tel. +43 6452 7542 send email Bank details Bank: RAIKA Radstadt IBAN: AT88 35049 000000 18077 BIC: RVS AAT 2S049 Acc. No.: 18077 BLZ: 35049 Concept, web design &amp;\u00a0technical implementation IMPULS Werbeagentur OG Stadtplatz 11 A-5550 [...]","protected":false},"author":5,"featured_media":0,"parent":0,"menu_order":12,"comment_status":"closed","ping_status":"closed","template":"page-noheader.php","meta":{"_acf_changed":false,"footnotes":""},"class_list":["post-3904","page","type-page","status-publish","hentry"],"acf":[],"_links":{"self":[{"href":"https:\/\/www.taxerhof.at\/en\/wp-json\/wp\/v2\/pages\/3904","targetHints":{"allow":["GET"]}}],"collection":[{"href":"https:\/\/www.taxerhof.at\/en\/wp-json\/wp\/v2\/pages"}],"about":[{"href":"https:\/\/www.taxerhof.at\/en\/wp-json\/wp\/v2\/types\/page"}],"author":[{"embeddable":true,"href":"https:\/\/www.taxerhof.at\/en\/wp-json\/wp\/v2\/users\/5"}],"replies":[{"embeddable":true,"href":"https:\/\/www.taxerhof.at\/en\/wp-json\/wp\/v2\/comments?post=3904"}],"version-history":[{"count":0,"href":"https:\/\/www.taxerhof.at\/en\/wp-json\/wp\/v2\/pages\/3904\/revisions"}],"wp:attachment":[{"href":"https:\/\/www.taxerhof.at\/en\/wp-json\/wp\/v2\/media?parent=3904"}],"curies":[{"name":"wp","href":"https:\/\/api.w.org\/{rel}","templated":true}]}}